{"id":13,"date":"2025-08-19T11:12:17","date_gmt":"2025-08-19T11:12:17","guid":{"rendered":"https:\/\/www.studio-podcast.cz\/?page_id=13"},"modified":"2025-08-19T11:34:11","modified_gmt":"2025-08-19T11:34:11","slug":"home","status":"publish","type":"page","link":"https:\/\/www.studio-podcast.cz\/","title":{"rendered":"Podcastov\u00e1 studia"},"content":{"rendered":"\n<p class=\"has-text-align-center\">Vyberte si ze seznamu podcastov\u00fdch studi\u00ed. Pokud pot\u0159ebujete pomoc s produkc\u00ed va\u0161\u00ed reklamy nebo po\u0159adu nev\u00e1hejte kontaktovat <a href=\"http:\/\/www.foxo.cz\">v\u00fdkonnou reklamn\u00ed agenturu Foxo<\/a>.<\/p>\n\n\n\n<h1 class=\"wp-block-heading has-text-align-center\">\ud83d\udccc Praha<\/h1>\n\n\n\n<p class=\"has-text-align-center\">Pra\u017esk\u00fd Podcast \u2013 <a>prazskypodcast.cz<\/a><\/p>\n\n\n\n<p class=\"has-text-align-center\">Podcastroom \u2013 <a>podcastroom.cz<\/a><\/p>\n\n\n\n<p class=\"has-text-align-center\">Studio Pokrok \u2013 <a>podcast-praha.cz<\/a><\/p>\n\n\n\n<p class=\"has-text-align-center\">Studio Pokrok (ateli\u00e9ry) \u2013 <a>pokrok.com<\/a><\/p>\n\n\n\n<p class=\"has-text-align-center\">NKS Podcast Studios \u2013 <a>nks-studios.com<\/a><\/p>\n\n\n\n<p class=\"has-text-align-center\">Studio Karl\u00edn \u2013 <a>studio-karlin.cz<\/a><\/p>\n\n\n\n<p class=\"has-text-align-center\">Pracovna (studio) \u2013 <a>pracovna.cz<\/a><\/p>\n\n\n\n<p class=\"has-text-align-center\">Forendors Studio \u2013 <a>studio.forendors.cz<\/a><\/p>\n\n\n\n<p class=\"has-text-align-center\">WorkLounge P\u0159\u00edkopy \u2013 <a>worklounge.com<\/a><\/p>\n\n\n\n<p class=\"has-text-align-center\">Scott.Weber \u2013 Praga Alfa \u2013 <a>scottweber.cz<\/a><\/p>\n\n\n\n<p class=\"has-text-align-center\">Scott.Weber \u2013 Ganbaru (Dejvice) \u2013 <a>scottweber.cz<\/a><\/p>\n\n\n\n<p class=\"has-text-align-center\">Scott.Weber \u2013 Hamburg (Hole\u0161ovice) \u2013 <a>scottweber.cz<\/a><\/p>\n\n\n\n<p class=\"has-text-align-center\">Zenwork \u2013 <a>zenwork.cz<\/a><\/p>\n\n\n\n<p class=\"has-text-align-center\">Spaces Caf\u00e9 \u2013 Sm\u00edchov \u2013 (p\u0159ehled na annabenedikt.cz)<\/p>\n\n\n\n<p class=\"has-text-align-center\">BF Studio (Bez fr\u00e1z\u00ed) \u2013 <a href=\"https:\/\/www.bezfrazi.cz\/bf-studio\">bezfrazi.cz<\/a><\/p>\n\n\n\n<p class=\"has-text-align-center\">Studio Podcast (Tom\u00e1\u0161 Cetkovsk\u00fd) \u2013 <a>studiopodcast.cz<\/a><\/p>\n\n\n\n<p class=\"has-text-align-center\">Studio Granit \u2013 <a>studiogranit.cz<\/a><\/p>\n\n\n\n<p class=\"has-text-align-center\">Kampus Hybernsk\u00e1 \u2013 <a>kampushybernska.cz<\/a><\/p>\n\n\n\n<p class=\"has-text-align-center\">Studio Beep \u2013 <a>studiobeep.cz<\/a><\/p>\n\n\n\n<p class=\"has-text-align-center\">Vedle.space \u2013 <a>vedle.space<\/a><\/p>\n\n\n\n<p class=\"has-text-align-center\">ProMovie \u2013 <a>promovie.cz<\/a><\/p>\n\n\n\n<p class=\"has-text-align-center\">\u010cesk\u00fd rozhlas (Praha) \u2013 <a>rozhlas.cz<\/a><\/p>\n\n\n\n<p class=\"has-text-align-center\">Loopa \u2013 <a>firmy.cz<\/a><\/p>\n\n\n\n<p class=\"has-text-align-center\">Squat Music \u2013 <a>firmy.cz<\/a><\/p>\n\n\n\n<p class=\"has-text-align-center\">SAN Recording Studio \u2013 <a>sites.google.com<\/a><\/p>\n\n\n\n<p class=\"has-text-align-center\">Studio Khapka (Freesam) \u2013 <a>freesam.org<\/a><\/p>\n\n\n\n<p class=\"has-text-align-center\">Vnitroblock \u2013 Akv\u00e1rko \u2013 <a href=\"https:\/\/www.vnitroblock.cz\/pronajem-akvarko\">vnitroblock.cz<\/a><\/p>\n\n\n\n<p class=\"has-text-align-center\">Elite Bloggers \u2013 <a>elitebloggers.cz<\/a><\/p>\n\n\n\n<hr class=\"wp-block-separator has-alpha-channel-opacity\"\/>\n\n\n\n<h1 class=\"wp-block-heading has-text-align-center\">\ud83d\udccc Brno<\/h1>\n\n\n\n<p class=\"has-text-align-center\">Studio Vok\u00e1l \u2013 <a>studiovokal.cz<\/a><\/p>\n\n\n\n<p class=\"has-text-align-center\">Podcasteria \u2013 <a>podcasteria.cz<\/a><\/p>\n\n\n\n<p class=\"has-text-align-center\">Voiceover.cz \u2013 <a>voiceover.cz<\/a><\/p>\n\n\n\n<p class=\"has-text-align-center\">Versa \u2013 <a>versahub.studio<\/a><\/p>\n\n\n\n<p class=\"has-text-align-center\">PROMOPEOPLE \u2013 <a>promopeople.cz<\/a><\/p>\n\n\n\n<p class=\"has-text-align-center\">Megapecka \u2013 <a>megapecka.cz<\/a><\/p>\n\n\n\n<p class=\"has-text-align-center\">Storynest \u2013 <a>storynest.cz<\/a><\/p>\n\n\n\n<p class=\"has-text-align-center\">Clubco Brno \u2013 <a>clubco.cz<\/a><\/p>\n\n\n\n<p class=\"has-text-align-center\">Detail Podcast Studio \u2013 <a href=\"https:\/\/www.instagram.com\/detail_podcast_studio\/\">Instagram<\/a><\/p>\n\n\n\n<p class=\"has-text-align-center\">\u010cesk\u00fd rozhlas Brno \u2013 <a>rozhlas.cz<\/a><\/p>\n\n\n\n<hr class=\"wp-block-separator has-alpha-channel-opacity\"\/>\n\n\n\n<h1 class=\"wp-block-heading\">\ud83d\udccc Ostrava<\/h1>\n\n\n\n<p>PodcastOVA \u2013 <a>podcastova.cz<\/a><\/p>\n\n\n\n<p>QQ Studio \u2013 <a>qq.cz<\/a><\/p>\n\n\n\n<p>Hn\u00edzdo \u2013 <a>hnizdoostrava.cz<\/a><\/p>\n\n\n\n<p>Smash Studio \u2013 <a>smashstudio.cz<\/a><\/p>\n\n\n\n<p>Rental4DJs \u2013 <a>rental4djs.cz<\/a><\/p>\n\n\n\n<p>Clubco Ostrava \u2013 <a>clubco.cz<\/a><\/p>\n\n\n\n<p>\u010cesk\u00fd rozhlas Ostrava \u2013 <a>rozhlas.cz<\/a><\/p>\n\n\n\n<hr class=\"wp-block-separator has-alpha-channel-opacity\"\/>\n\n\n\n<h1 class=\"wp-block-heading\">\ud83d\udccc Plze\u0148<\/h1>\n\n\n\n<p>Podcast Plze\u0148 \u2013 <a>podcastplzen.cz<\/a><\/p>\n\n\n\n<p>ACProduction \u2013 <a>acproduction.cz<\/a><\/p>\n\n\n\n<p>TechTower (SIT Port) \u2013 <a>techtower.cz<\/a><\/p>\n\n\n\n<p>KUP\u00c9 Studio \u2013 <a>kupestudio.cz<\/a><\/p>\n\n\n\n<p>\u010cesk\u00fd rozhlas Plze\u0148 \u2013 <a>plzen.rozhlas.cz<\/a><\/p>\n\n\n\n<hr class=\"wp-block-separator has-alpha-channel-opacity\"\/>\n\n\n\n<h1 class=\"wp-block-heading\">\ud83d\udccc Liberec<\/h1>\n\n\n\n<p>Lipo.ink \u2013 <a>lipo.ink<\/a><\/p>\n\n\n\n<p>Petra Doubkov\u00e1 Studio \u2013 <a>petradoubkova.cz<\/a><\/p>\n\n\n\n<p>Studio Eleven \u2013 (adres\u00e1\u0159 na firmy.cz)<\/p>\n\n\n\n<p>\u010cesk\u00fd rozhlas Liberec \u2013 <a>rozhlas.cz<\/a><\/p>\n\n\n\n<hr class=\"wp-block-separator has-alpha-channel-opacity\"\/>\n\n\n\n<h1 class=\"wp-block-heading\">\ud83d\udccc \u00dast\u00ed nad Labem \/ \u00dasteck\u00fd kraj<\/h1>\n\n\n\n<p>Knihovna \u00dasteck\u00e9ho kraje (AV studio) \u2013 <a>knihovnauk.cz<\/a><\/p>\n\n\n\n<p>UJEP Podcast Studio \u2013 <a>ujep.cz<\/a><\/p>\n\n\n\n<p>\u010cRo Sever (studio MACAC) \u2013 <a>sever.rozhlas.cz<\/a><\/p>\n\n\n\n<p>Tajn\u00fd Studio \u2013 <a>tajnystudio.cz<\/a><\/p>\n\n\n\n<p>The Barn (\u00da\u0161t\u011bk) \u2013 <a>thebarn.cz<\/a><\/p>\n\n\n\n<hr class=\"wp-block-separator has-alpha-channel-opacity\"\/>\n\n\n\n<h1 class=\"wp-block-heading\">\ud83d\udccc Hradec Kr\u00e1lov\u00e9<\/h1>\n\n\n\n<p>Tv\u016fj Podcast \u2013 <a>tvujpodcast.cz<\/a><\/p>\n\n\n\n<p>Studio UHK (Univerzita HK) \u2013 <a>uhk.cz<\/a><\/p>\n\n\n\n<p>\u010cesk\u00fd rozhlas HK \u2013 <a>rozhlas.cz<\/a><\/p>\n\n\n\n<hr class=\"wp-block-separator has-alpha-channel-opacity\"\/>\n\n\n\n<h1 class=\"wp-block-heading\">\ud83d\udccc Pardubice<\/h1>\n\n\n\n<p>P-PINK \u2013 <a>p-pink.cz<\/a><\/p>\n\n\n\n<p>4You DEEP Studio \u2013 <a>dmpce.cz<\/a><\/p>\n\n\n\n<p>\u010cesk\u00fd rozhlas Pardubice \u2013 <a>rozhlas.cz<\/a><\/p>\n\n\n\n<hr class=\"wp-block-separator has-alpha-channel-opacity\"\/>\n\n\n\n<h1 class=\"wp-block-heading\">\ud83d\udccc Olomouc<\/h1>\n\n\n\n<p>George Vision \u2013 <a>georgevision.cz<\/a><\/p>\n\n\n\n<p>Studio v Olomouci \u2013 <a>studiovolomouci.cz<\/a><\/p>\n\n\n\n<p>\u010cesk\u00fd rozhlas Olomouc \u2013 <a>rozhlas.cz<\/a><\/p>\n\n\n\n<hr class=\"wp-block-separator has-alpha-channel-opacity\"\/>\n\n\n\n<h1 class=\"wp-block-heading\">\ud83d\udccc \u010cesk\u00e9 Bud\u011bjovice<\/h1>\n\n\n\n<p>Jiho\u010desk\u00fd Podcast \u2013 <a>jihoceskypodcast.cz<\/a><\/p>\n\n\n\n<p>LIVE4K \u2013 <a>live4k.media<\/a><\/p>\n\n\n\n<p>Pluto Sound GFD \u2013 <a>plutosoundgfd.cz<\/a><\/p>\n\n\n\n<p>\u010cesk\u00fd rozhlas \u010cB \u2013 <a>rozhlas.cz<\/a><\/p>\n\n\n\n<hr class=\"wp-block-separator has-alpha-channel-opacity\"\/>\n\n\n\n<h1 class=\"wp-block-heading\">\ud83d\udccc Zl\u00ednsk\u00fd kraj<\/h1>\n\n\n\n<p>Sunteem Records \u2013 <a>sunteemrecords.cz<\/a><\/p>\n\n\n\n<p>Firecast (Firestarter) \u2013 <a>firestarter.cz<\/a><\/p>\n\n\n\n<hr class=\"wp-block-separator has-alpha-channel-opacity\"\/>\n\n\n\n<h1 class=\"wp-block-heading\">\ud83d\udccc Karlovarsk\u00fd kraj<\/h1>\n\n\n\n<p>ZKTV Production (Mari\u00e1nsk\u00e9 L\u00e1zn\u011b) \u2013 <a>letajici-bobr.cz<\/a><\/p>\n","protected":false},"excerpt":{"rendered":"<p>Vyberte si ze seznamu podcastov\u00fdch studi\u00ed. Pokud pot\u0159ebujete pomoc s produkc\u00ed va\u0161\u00ed reklamy nebo po\u0159adu nev\u00e1hejte kontaktovat v\u00fdkonnou reklamn\u00ed agenturu Foxo. \ud83d\udccc Praha Pra\u017esk\u00fd Podcast \u2013 prazskypodcast.cz Podcastroom \u2013 podcastroom.cz Studio Pokrok \u2013 podcast-praha.cz Studio Pokrok (ateli\u00e9ry) \u2013 pokrok.com Studio Karl\u00edn \u2013 studio-karlin.cz Pracovna (studio) \u2013 pracovna.cz Forendors Studio \u2013 studio.forendors.cz WorkLounge P\u0159\u00edkopy \u2013 worklounge.com [&hellip;]<\/p>\n","protected":false},"author":1,"featured_media":0,"parent":0,"menu_order":0,"comment_status":"closed","ping_status":"closed","template":"blog-alternative","meta":{"footnotes":""},"class_list":["post-13","page","type-page","status-publish","hentry"],"_links":{"self":[{"href":"https:\/\/www.studio-podcast.cz\/index.php?rest_route=\/wp\/v2\/pages\/13","targetHints":{"allow":["GET"]}}],"collection":[{"href":"https:\/\/www.studio-podcast.cz\/index.php?rest_route=\/wp\/v2\/pages"}],"about":[{"href":"https:\/\/www.studio-podcast.cz\/index.php?rest_route=\/wp\/v2\/types\/page"}],"author":[{"embeddable":true,"href":"https:\/\/www.studio-podcast.cz\/index.php?rest_route=\/wp\/v2\/users\/1"}],"replies":[{"embeddable":true,"href":"https:\/\/www.studio-podcast.cz\/index.php?rest_route=%2Fwp%2Fv2%2Fcomments&post=13"}],"version-history":[{"count":4,"href":"https:\/\/www.studio-podcast.cz\/index.php?rest_route=\/wp\/v2\/pages\/13\/revisions"}],"predecessor-version":[{"id":33,"href":"https:\/\/www.studio-podcast.cz\/index.php?rest_route=\/wp\/v2\/pages\/13\/revisions\/33"}],"wp:attachment":[{"href":"https:\/\/www.studio-podcast.cz\/index.php?rest_route=%2Fwp%2Fv2%2Fmedia&parent=13"}],"curies":[{"name":"wp","href":"https:\/\/api.w.org\/{rel}","templated":true}]}}